{"id":90,"date":"2024-09-23T07:36:02","date_gmt":"2024-09-23T07:36:02","guid":{"rendered":"https:\/\/gartiz.expertur.mx\/?page_id=90"},"modified":"2026-04-13T14:03:28","modified_gmt":"2026-04-13T14:03:28","slug":"elementor-90","status":"publish","type":"page","link":"https:\/\/gartiz.expertur.mx\/es\/","title":{"rendered":"Home"},"content":{"rendered":"<div data-elementor-type=\"wp-page\" data-elementor-id=\"90\" class=\"elementor elementor-90\">\n\t\t\t\t<div class=\"elementor-element elementor-element-12538f3 e-flex e-con-boxed e-con e-parent\" data-id=\"12538f3\" data-element_type=\"container\">\n\t\t\t\t\t<div class=\"e-con-inner\">\n\t\t\t\t<div class=\"elementor-element elementor-element-75d6693 elementor-widget elementor-widget-image\" data-id=\"75d6693\" data-element_type=\"widget\" data-widget_type=\"image.default\">\n\t\t\t\t<div class=\"elementor-widget-container\">\n\t\t\t\t\t\t\t\t\t\t\t\t\t\t\t<img fetchpriority=\"high\" decoding=\"async\" width=\"2560\" height=\"1441\" src=\"https:\/\/gartiz.expertur.mx\/wp-content\/uploads\/2024\/09\/Ecommerce-scaled.jpg\" class=\"attachment-full size-full wp-image-177\" alt=\"\" srcset=\"https:\/\/gartiz.expertur.mx\/wp-content\/uploads\/2024\/09\/Ecommerce-scaled.jpg 2560w, https:\/\/gartiz.expertur.mx\/wp-content\/uploads\/2024\/09\/Ecommerce-300x169.jpg 300w, https:\/\/gartiz.expertur.mx\/wp-content\/uploads\/2024\/09\/Ecommerce-1024x577.jpg 1024w, https:\/\/gartiz.expertur.mx\/wp-content\/uploads\/2024\/09\/Ecommerce-768x432.jpg 768w, https:\/\/gartiz.expertur.mx\/wp-content\/uploads\/2024\/09\/Ecommerce-1536x865.jpg 1536w, https:\/\/gartiz.expertur.mx\/wp-content\/uploads\/2024\/09\/Ecommerce-2048x1153.jpg 2048w, https:\/\/gartiz.expertur.mx\/wp-content\/uploads\/2024\/09\/Ecommerce-800x450.jpg 800w, https:\/\/gartiz.expertur.mx\/wp-content\/uploads\/2024\/09\/Ecommerce-600x338.jpg 600w\" sizes=\"(max-width: 2560px) 100vw, 2560px\" \/>\t\t\t\t\t\t\t\t\t\t\t\t\t\t\t<\/div>\n\t\t\t\t<\/div>\n\t\t\t\t\t<\/div>\n\t\t\t\t<\/div>\n\t\t<div class=\"elementor-element elementor-element-62b5cb28 e-con-full e-flex e-con e-parent\" data-id=\"62b5cb28\" data-element_type=\"container\" id=\"next\">\n\t\t\t\t<div class=\"elementor-element elementor-element-297f7dc3 elementor-widget elementor-widget-heading\" data-id=\"297f7dc3\" data-element_type=\"widget\" data-widget_type=\"heading.default\">\n\t\t\t\t<div class=\"elementor-widget-container\">\n\t\t\t\t\t<h3 class=\"elementor-heading-title elementor-size-default\">Explora nuesta tienda <\/h3>\t\t\t\t<\/div>\n\t\t\t\t<\/div>\n\t\t<div class=\"elementor-element elementor-element-2d918350 e-con-full e-flex e-con e-child\" data-id=\"2d918350\" data-element_type=\"container\">\n\t\t<div class=\"elementor-element elementor-element-5c18473 e-con-full e-flex e-con e-child\" data-id=\"5c18473\" data-element_type=\"container\">\n\t\t\t\t<div class=\"elementor-element elementor-element-1285550 elementor-position-top elementor-widget elementor-widget-image-box\" data-id=\"1285550\" data-element_type=\"widget\" data-widget_type=\"image-box.default\">\n\t\t\t\t<div class=\"elementor-widget-container\">\n\t\t\t\t\t<div class=\"elementor-image-box-wrapper\"><figure class=\"elementor-image-box-img\"><img decoding=\"async\" width=\"500\" height=\"500\" src=\"https:\/\/gartiz.expertur.mx\/wp-content\/uploads\/2024\/09\/Cat-herramientas.png\" class=\"elementor-animation-grow attachment-full size-full wp-image-108\" alt=\"\" srcset=\"https:\/\/gartiz.expertur.mx\/wp-content\/uploads\/2024\/09\/Cat-herramientas.png 500w, https:\/\/gartiz.expertur.mx\/wp-content\/uploads\/2024\/09\/Cat-herramientas-300x300.png 300w, https:\/\/gartiz.expertur.mx\/wp-content\/uploads\/2024\/09\/Cat-herramientas-150x150.png 150w, https:\/\/gartiz.expertur.mx\/wp-content\/uploads\/2024\/09\/Cat-herramientas-100x100.png 100w\" sizes=\"(max-width: 500px) 100vw, 500px\" \/><\/figure><div class=\"elementor-image-box-content\"><h4 class=\"elementor-image-box-title\">Herramientas<\/h4><\/div><\/div>\t\t\t\t<\/div>\n\t\t\t\t<\/div>\n\t\t\t\t<\/div>\n\t\t<div class=\"elementor-element elementor-element-77372cb0 e-con-full e-flex e-con e-child\" data-id=\"77372cb0\" data-element_type=\"container\">\n\t\t\t\t<div class=\"elementor-element elementor-element-62048fb elementor-position-top elementor-widget elementor-widget-image-box\" data-id=\"62048fb\" data-element_type=\"widget\" data-widget_type=\"image-box.default\">\n\t\t\t\t<div class=\"elementor-widget-container\">\n\t\t\t\t\t<div class=\"elementor-image-box-wrapper\"><figure class=\"elementor-image-box-img\"><a href=\"https:\/\/gartiz.expertur.mx\/es\/categoria-producto\/cajas\/\" tabindex=\"-1\"><img decoding=\"async\" width=\"500\" height=\"500\" src=\"https:\/\/gartiz.expertur.mx\/wp-content\/uploads\/2025\/11\/Cat-Cajas-de-carton.png\" class=\"elementor-animation-grow attachment-full size-full wp-image-8486\" alt=\"\" srcset=\"https:\/\/gartiz.expertur.mx\/wp-content\/uploads\/2025\/11\/Cat-Cajas-de-carton.png 500w, https:\/\/gartiz.expertur.mx\/wp-content\/uploads\/2025\/11\/Cat-Cajas-de-carton-300x300.png 300w, https:\/\/gartiz.expertur.mx\/wp-content\/uploads\/2025\/11\/Cat-Cajas-de-carton-150x150.png 150w, https:\/\/gartiz.expertur.mx\/wp-content\/uploads\/2025\/11\/Cat-Cajas-de-carton-100x100.png 100w\" sizes=\"(max-width: 500px) 100vw, 500px\" \/><\/a><\/figure><div class=\"elementor-image-box-content\"><h4 class=\"elementor-image-box-title\"><a href=\"https:\/\/gartiz.expertur.mx\/es\/categoria-producto\/cajas\/\">Cajas de Cart\u00f3n<\/a><\/h4><\/div><\/div>\t\t\t\t<\/div>\n\t\t\t\t<\/div>\n\t\t\t\t<\/div>\n\t\t<div class=\"elementor-element elementor-element-698b4317 e-con-full e-flex e-con e-child\" data-id=\"698b4317\" data-element_type=\"container\">\n\t\t\t\t<div class=\"elementor-element elementor-element-58b994b elementor-position-top elementor-widget elementor-widget-image-box\" data-id=\"58b994b\" data-element_type=\"widget\" data-widget_type=\"image-box.default\">\n\t\t\t\t<div class=\"elementor-widget-container\">\n\t\t\t\t\t<div class=\"elementor-image-box-wrapper\"><figure class=\"elementor-image-box-img\"><img loading=\"lazy\" decoding=\"async\" width=\"500\" height=\"500\" src=\"https:\/\/gartiz.expertur.mx\/wp-content\/uploads\/2024\/09\/Seguridad-Industrial.png\" class=\"elementor-animation-grow attachment-full size-full wp-image-103\" alt=\"\" srcset=\"https:\/\/gartiz.expertur.mx\/wp-content\/uploads\/2024\/09\/Seguridad-Industrial.png 500w, https:\/\/gartiz.expertur.mx\/wp-content\/uploads\/2024\/09\/Seguridad-Industrial-300x300.png 300w, https:\/\/gartiz.expertur.mx\/wp-content\/uploads\/2024\/09\/Seguridad-Industrial-150x150.png 150w, https:\/\/gartiz.expertur.mx\/wp-content\/uploads\/2024\/09\/Seguridad-Industrial-100x100.png 100w\" sizes=\"(max-width: 500px) 100vw, 500px\" \/><\/figure><div class=\"elementor-image-box-content\"><h4 class=\"elementor-image-box-title\">Seguridad Industrial<\/h4><\/div><\/div>\t\t\t\t<\/div>\n\t\t\t\t<\/div>\n\t\t\t\t<\/div>\n\t\t<div class=\"elementor-element elementor-element-3b6366b7 e-con-full e-flex e-con e-child\" data-id=\"3b6366b7\" data-element_type=\"container\">\n\t\t\t\t<div class=\"elementor-element elementor-element-a87a421 elementor-position-top elementor-widget elementor-widget-image-box\" data-id=\"a87a421\" data-element_type=\"widget\" data-widget_type=\"image-box.default\">\n\t\t\t\t<div class=\"elementor-widget-container\">\n\t\t\t\t\t<div class=\"elementor-image-box-wrapper\"><figure class=\"elementor-image-box-img\"><img loading=\"lazy\" decoding=\"async\" width=\"500\" height=\"500\" src=\"https:\/\/gartiz.expertur.mx\/wp-content\/uploads\/2024\/09\/CCTV.png\" class=\"elementor-animation-grow attachment-full size-full wp-image-98\" alt=\"\" srcset=\"https:\/\/gartiz.expertur.mx\/wp-content\/uploads\/2024\/09\/CCTV.png 500w, https:\/\/gartiz.expertur.mx\/wp-content\/uploads\/2024\/09\/CCTV-300x300.png 300w, https:\/\/gartiz.expertur.mx\/wp-content\/uploads\/2024\/09\/CCTV-150x150.png 150w, https:\/\/gartiz.expertur.mx\/wp-content\/uploads\/2024\/09\/CCTV-100x100.png 100w\" sizes=\"(max-width: 500px) 100vw, 500px\" \/><\/figure><div class=\"elementor-image-box-content\"><h4 class=\"elementor-image-box-title\">CCTV<\/h4><\/div><\/div>\t\t\t\t<\/div>\n\t\t\t\t<\/div>\n\t\t\t\t<\/div>\n\t\t\t\t<\/div>\n\t\t\t\t<\/div>\n\t\t<div class=\"elementor-element elementor-element-524459d e-flex e-con-boxed e-con e-parent\" data-id=\"524459d\" data-element_type=\"container\">\n\t\t\t\t\t<div class=\"e-con-inner\">\n\t\t<div class=\"elementor-element elementor-element-0f2919d e-con-full e-flex e-con e-child\" data-id=\"0f2919d\" data-element_type=\"container\">\n\t\t\t\t<div class=\"elementor-element elementor-element-2e6bf6a elementor-position-top elementor-widget elementor-widget-image-box\" data-id=\"2e6bf6a\" data-element_type=\"widget\" data-widget_type=\"image-box.default\">\n\t\t\t\t<div class=\"elementor-widget-container\">\n\t\t\t\t\t<div class=\"elementor-image-box-wrapper\"><figure class=\"elementor-image-box-img\"><img loading=\"lazy\" decoding=\"async\" width=\"500\" height=\"500\" src=\"https:\/\/gartiz.expertur.mx\/wp-content\/uploads\/2024\/09\/Cat-hogar.png\" class=\"elementor-animation-grow attachment-full size-full wp-image-109\" alt=\"\" srcset=\"https:\/\/gartiz.expertur.mx\/wp-content\/uploads\/2024\/09\/Cat-hogar.png 500w, https:\/\/gartiz.expertur.mx\/wp-content\/uploads\/2024\/09\/Cat-hogar-300x300.png 300w, https:\/\/gartiz.expertur.mx\/wp-content\/uploads\/2024\/09\/Cat-hogar-150x150.png 150w, https:\/\/gartiz.expertur.mx\/wp-content\/uploads\/2024\/09\/Cat-hogar-100x100.png 100w\" sizes=\"(max-width: 500px) 100vw, 500px\" \/><\/figure><div class=\"elementor-image-box-content\"><h4 class=\"elementor-image-box-title\">Hogar<\/h4><\/div><\/div>\t\t\t\t<\/div>\n\t\t\t\t<\/div>\n\t\t\t\t<\/div>\n\t\t<div class=\"elementor-element elementor-element-7c13764 e-con-full e-flex e-con e-child\" data-id=\"7c13764\" data-element_type=\"container\">\n\t\t\t\t<div class=\"elementor-element elementor-element-489030f elementor-position-top elementor-widget elementor-widget-image-box\" data-id=\"489030f\" data-element_type=\"widget\" data-widget_type=\"image-box.default\">\n\t\t\t\t<div class=\"elementor-widget-container\">\n\t\t\t\t\t<div class=\"elementor-image-box-wrapper\"><figure class=\"elementor-image-box-img\"><img loading=\"lazy\" decoding=\"async\" width=\"500\" height=\"500\" src=\"https:\/\/gartiz.expertur.mx\/wp-content\/uploads\/2024\/09\/Cat-tecnologia.png\" class=\"elementor-animation-grow attachment-full size-full wp-image-96\" alt=\"\" srcset=\"https:\/\/gartiz.expertur.mx\/wp-content\/uploads\/2024\/09\/Cat-tecnologia.png 500w, https:\/\/gartiz.expertur.mx\/wp-content\/uploads\/2024\/09\/Cat-tecnologia-300x300.png 300w, https:\/\/gartiz.expertur.mx\/wp-content\/uploads\/2024\/09\/Cat-tecnologia-150x150.png 150w, https:\/\/gartiz.expertur.mx\/wp-content\/uploads\/2024\/09\/Cat-tecnologia-100x100.png 100w\" sizes=\"(max-width: 500px) 100vw, 500px\" \/><\/figure><div class=\"elementor-image-box-content\"><h3 class=\"elementor-image-box-title\">Tecnolog\u00eda<\/h3><p class=\"elementor-image-box-description\">.<\/p><\/div><\/div>\t\t\t\t<\/div>\n\t\t\t\t<\/div>\n\t\t\t\t<\/div>\n\t\t<div class=\"elementor-element elementor-element-818b65e e-con-full e-flex e-con e-child\" data-id=\"818b65e\" data-element_type=\"container\">\n\t\t\t\t<div class=\"elementor-element elementor-element-7747820 elementor-position-top elementor-widget elementor-widget-image-box\" data-id=\"7747820\" data-element_type=\"widget\" data-widget_type=\"image-box.default\">\n\t\t\t\t<div class=\"elementor-widget-container\">\n\t\t\t\t\t<div class=\"elementor-image-box-wrapper\"><figure class=\"elementor-image-box-img\"><img loading=\"lazy\" decoding=\"async\" width=\"500\" height=\"500\" src=\"https:\/\/gartiz.expertur.mx\/wp-content\/uploads\/2024\/09\/EnergiaSolar.png\" class=\"elementor-animation-grow attachment-full size-full wp-image-164\" alt=\"\" srcset=\"https:\/\/gartiz.expertur.mx\/wp-content\/uploads\/2024\/09\/EnergiaSolar.png 500w, https:\/\/gartiz.expertur.mx\/wp-content\/uploads\/2024\/09\/EnergiaSolar-300x300.png 300w, https:\/\/gartiz.expertur.mx\/wp-content\/uploads\/2024\/09\/EnergiaSolar-150x150.png 150w, https:\/\/gartiz.expertur.mx\/wp-content\/uploads\/2024\/09\/EnergiaSolar-100x100.png 100w\" sizes=\"(max-width: 500px) 100vw, 500px\" \/><\/figure><div class=\"elementor-image-box-content\"><h4 class=\"elementor-image-box-title\">Energ\u00eda Solar<\/h4><\/div><\/div>\t\t\t\t<\/div>\n\t\t\t\t<\/div>\n\t\t\t\t<\/div>\n\t\t<div class=\"elementor-element elementor-element-f81bb80 e-con-full e-flex e-con e-child\" data-id=\"f81bb80\" data-element_type=\"container\">\n\t\t\t\t<div class=\"elementor-element elementor-element-2b65bb2 elementor-position-top elementor-widget elementor-widget-image-box\" data-id=\"2b65bb2\" data-element_type=\"widget\" data-widget_type=\"image-box.default\">\n\t\t\t\t<div class=\"elementor-widget-container\">\n\t\t\t\t\t<div class=\"elementor-image-box-wrapper\"><figure class=\"elementor-image-box-img\"><img loading=\"lazy\" decoding=\"async\" width=\"500\" height=\"500\" src=\"https:\/\/gartiz.expertur.mx\/wp-content\/uploads\/2024\/09\/Deportes.png\" class=\"elementor-animation-grow attachment-full size-full wp-image-99\" alt=\"\" srcset=\"https:\/\/gartiz.expertur.mx\/wp-content\/uploads\/2024\/09\/Deportes.png 500w, https:\/\/gartiz.expertur.mx\/wp-content\/uploads\/2024\/09\/Deportes-300x300.png 300w, https:\/\/gartiz.expertur.mx\/wp-content\/uploads\/2024\/09\/Deportes-150x150.png 150w, https:\/\/gartiz.expertur.mx\/wp-content\/uploads\/2024\/09\/Deportes-100x100.png 100w\" sizes=\"(max-width: 500px) 100vw, 500px\" \/><\/figure><div class=\"elementor-image-box-content\"><h3 class=\"elementor-image-box-title\">Deportes<\/h3><\/div><\/div>\t\t\t\t<\/div>\n\t\t\t\t<\/div>\n\t\t\t\t<\/div>\n\t\t\t\t\t<\/div>\n\t\t\t\t<\/div>\n\t\t<div class=\"elementor-element elementor-element-53b72dc e-flex e-con-boxed e-con e-parent\" data-id=\"53b72dc\" data-element_type=\"container\">\n\t\t\t\t\t<div class=\"e-con-inner\">\n\t\t<div class=\"elementor-element elementor-element-8deedac e-con-full e-flex e-con e-child\" data-id=\"8deedac\" data-element_type=\"container\">\n\t\t\t\t<div class=\"elementor-element elementor-element-dc2ce43 elementor-position-top elementor-widget elementor-widget-image-box\" data-id=\"dc2ce43\" data-element_type=\"widget\" data-widget_type=\"image-box.default\">\n\t\t\t\t<div class=\"elementor-widget-container\">\n\t\t\t\t\t<div class=\"elementor-image-box-wrapper\"><figure class=\"elementor-image-box-img\"><img loading=\"lazy\" decoding=\"async\" width=\"500\" height=\"500\" src=\"https:\/\/gartiz.expertur.mx\/wp-content\/uploads\/2024\/09\/Cat-iluminacion.png\" class=\"elementor-animation-grow attachment-full size-full wp-image-110\" alt=\"\" srcset=\"https:\/\/gartiz.expertur.mx\/wp-content\/uploads\/2024\/09\/Cat-iluminacion.png 500w, https:\/\/gartiz.expertur.mx\/wp-content\/uploads\/2024\/09\/Cat-iluminacion-300x300.png 300w, https:\/\/gartiz.expertur.mx\/wp-content\/uploads\/2024\/09\/Cat-iluminacion-150x150.png 150w, https:\/\/gartiz.expertur.mx\/wp-content\/uploads\/2024\/09\/Cat-iluminacion-100x100.png 100w\" sizes=\"(max-width: 500px) 100vw, 500px\" \/><\/figure><div class=\"elementor-image-box-content\"><h4 class=\"elementor-image-box-title\">Iluminaci\u00f3n<\/h4><\/div><\/div>\t\t\t\t<\/div>\n\t\t\t\t<\/div>\n\t\t\t\t<\/div>\n\t\t<div class=\"elementor-element elementor-element-e591967 e-con-full e-flex e-con e-child\" data-id=\"e591967\" data-element_type=\"container\">\n\t\t\t\t<div class=\"elementor-element elementor-element-ba376a5 elementor-position-top elementor-widget elementor-widget-image-box\" data-id=\"ba376a5\" data-element_type=\"widget\" data-widget_type=\"image-box.default\">\n\t\t\t\t<div class=\"elementor-widget-container\">\n\t\t\t\t\t<div class=\"elementor-image-box-wrapper\"><figure class=\"elementor-image-box-img\"><img loading=\"lazy\" decoding=\"async\" width=\"500\" height=\"500\" src=\"https:\/\/gartiz.expertur.mx\/wp-content\/uploads\/2024\/09\/Cat-SexShop.png\" class=\"elementor-animation-grow attachment-full size-full wp-image-165\" alt=\"\" srcset=\"https:\/\/gartiz.expertur.mx\/wp-content\/uploads\/2024\/09\/Cat-SexShop.png 500w, https:\/\/gartiz.expertur.mx\/wp-content\/uploads\/2024\/09\/Cat-SexShop-300x300.png 300w, https:\/\/gartiz.expertur.mx\/wp-content\/uploads\/2024\/09\/Cat-SexShop-150x150.png 150w, https:\/\/gartiz.expertur.mx\/wp-content\/uploads\/2024\/09\/Cat-SexShop-100x100.png 100w\" sizes=\"(max-width: 500px) 100vw, 500px\" \/><\/figure><div class=\"elementor-image-box-content\"><h3 class=\"elementor-image-box-title\">Sex SHop<\/h3><\/div><\/div>\t\t\t\t<\/div>\n\t\t\t\t<\/div>\n\t\t\t\t<\/div>\n\t\t<div class=\"elementor-element elementor-element-2dc9f28 e-con-full e-flex e-con e-child\" data-id=\"2dc9f28\" data-element_type=\"container\">\n\t\t\t\t<div class=\"elementor-element elementor-element-d174c2c elementor-position-top elementor-widget elementor-widget-image-box\" data-id=\"d174c2c\" data-element_type=\"widget\" data-widget_type=\"image-box.default\">\n\t\t\t\t<div class=\"elementor-widget-container\">\n\t\t\t\t\t<div class=\"elementor-image-box-wrapper\"><figure class=\"elementor-image-box-img\"><img loading=\"lazy\" decoding=\"async\" width=\"500\" height=\"500\" src=\"https:\/\/gartiz.expertur.mx\/wp-content\/uploads\/2024\/09\/Juguetes.png\" class=\"elementor-animation-grow attachment-full size-full wp-image-102\" alt=\"\" srcset=\"https:\/\/gartiz.expertur.mx\/wp-content\/uploads\/2024\/09\/Juguetes.png 500w, https:\/\/gartiz.expertur.mx\/wp-content\/uploads\/2024\/09\/Juguetes-300x300.png 300w, https:\/\/gartiz.expertur.mx\/wp-content\/uploads\/2024\/09\/Juguetes-150x150.png 150w, https:\/\/gartiz.expertur.mx\/wp-content\/uploads\/2024\/09\/Juguetes-100x100.png 100w\" sizes=\"(max-width: 500px) 100vw, 500px\" \/><\/figure><div class=\"elementor-image-box-content\"><h4 class=\"elementor-image-box-title\">Juguetes<\/h4><\/div><\/div>\t\t\t\t<\/div>\n\t\t\t\t<\/div>\n\t\t\t\t<\/div>\n\t\t<div class=\"elementor-element elementor-element-d945cc2 e-con-full e-flex e-con e-child\" data-id=\"d945cc2\" data-element_type=\"container\">\n\t\t\t\t<div class=\"elementor-element elementor-element-90b3e67 elementor-position-top elementor-widget elementor-widget-image-box\" data-id=\"90b3e67\" data-element_type=\"widget\" data-widget_type=\"image-box.default\">\n\t\t\t\t<div class=\"elementor-widget-container\">\n\t\t\t\t\t<div class=\"elementor-image-box-wrapper\"><figure class=\"elementor-image-box-img\"><img loading=\"lazy\" decoding=\"async\" width=\"500\" height=\"500\" src=\"https:\/\/gartiz.expertur.mx\/wp-content\/uploads\/2024\/09\/Cat-mascotas.png\" class=\"elementor-animation-grow attachment-full size-full wp-image-94\" alt=\"\" srcset=\"https:\/\/gartiz.expertur.mx\/wp-content\/uploads\/2024\/09\/Cat-mascotas.png 500w, https:\/\/gartiz.expertur.mx\/wp-content\/uploads\/2024\/09\/Cat-mascotas-300x300.png 300w, https:\/\/gartiz.expertur.mx\/wp-content\/uploads\/2024\/09\/Cat-mascotas-150x150.png 150w, https:\/\/gartiz.expertur.mx\/wp-content\/uploads\/2024\/09\/Cat-mascotas-100x100.png 100w\" sizes=\"(max-width: 500px) 100vw, 500px\" \/><\/figure><div class=\"elementor-image-box-content\"><h4 class=\"elementor-image-box-title\">Mascotas<\/h4><\/div><\/div>\t\t\t\t<\/div>\n\t\t\t\t<\/div>\n\t\t\t\t<\/div>\n\t\t\t\t\t<\/div>\n\t\t\t\t<\/div>\n\t\t\t\t<\/div>","protected":false},"excerpt":{"rendered":"<p>Explora nuesta tienda Herramientas Cajas de Cart\u00f3n Seguridad Industrial CCTV Hogar Tecnolog\u00eda . Energ\u00eda Solar Deportes Iluminaci\u00f3n Sex SHop Juguetes Mascotas cabe4d cabe4d cabe4d cabe4d cabe4d cabe4d cabe4d cabe4d cabe4d<\/p>","protected":false},"author":1,"featured_media":0,"parent":0,"menu_order":0,"comment_status":"closed","ping_status":"closed","template":"elementor_header_footer","meta":{"footnotes":""},"class_list":{"1":"page","2":"type-page","3":"status-publish","4":"hentry"},"jetpack_sharing_enabled":true,"_links":{"self":[{"href":"https:\/\/gartiz.expertur.mx\/es\/wp-json\/wp\/v2\/pages\/90","targetHints":{"allow":["GET"]}}],"collection":[{"href":"https:\/\/gartiz.expertur.mx\/es\/wp-json\/wp\/v2\/pages"}],"about":[{"href":"https:\/\/gartiz.expertur.mx\/es\/wp-json\/wp\/v2\/types\/page"}],"author":[{"embeddable":true,"href":"https:\/\/gartiz.expertur.mx\/es\/wp-json\/wp\/v2\/users\/1"}],"replies":[{"embeddable":true,"href":"https:\/\/gartiz.expertur.mx\/es\/wp-json\/wp\/v2\/comments?post=90"}],"version-history":[{"count":1001,"href":"https:\/\/gartiz.expertur.mx\/es\/wp-json\/wp\/v2\/pages\/90\/revisions"}],"predecessor-version":[{"id":17592,"href":"https:\/\/gartiz.expertur.mx\/es\/wp-json\/wp\/v2\/pages\/90\/revisions\/17592"}],"wp:attachment":[{"href":"https:\/\/gartiz.expertur.mx\/es\/wp-json\/wp\/v2\/media?parent=90"}],"curies":[{"name":"wp","href":"https:\/\/api.w.org\/{rel}","templated":true}]}}